{"id":18,"date":"2014-09-19T13:05:17","date_gmt":"2014-09-19T11:05:17","guid":{"rendered":"http:\/\/www.journalists-committee.com\/?page_id=18"},"modified":"2014-09-19T17:41:51","modified_gmt":"2014-09-19T15:41:51","slug":"imprint","status":"publish","type":"page","link":"http:\/\/www.journalists-committee.com\/?page_id=18","title":{"rendered":"Imprint"},"content":{"rendered":"<p class=\"paragraph_style_6\">Addresse \/ Contact:<\/p>\n<p class=\"paragraph_style_6\">Internationales Komitee: Journalisten helfen e.V.<br \/>\n(International Committee: Aid\u00a0from Journalists)<br \/>\nc\/o Behr<br \/>\nCuvilli\u00e9sstr. 23<br \/>\nD-81679 Munich<\/p>\n<p class=\"paragraph_style_6\">E-Mail: <a class=\"class13\" title=\"mailto:info@komitee.org\" href=\"mailto:info@komitee.org\">info@komitee.org<\/a><\/p>\n<p class=\"paragraph_style_6\">Tel. +49 (89) 8890 4635<\/p>\n<p class=\"paragraph_style_6\">Court of registration (according to German law):<br \/>\nAmtsgericht M\u00fcnchen<\/p>\n<p class=\"paragraph_style_6\">Number of registration: VR 14626<br \/>\nResponsible for the content of this web presence:<br \/>\nDr. Nikolai A. Behr (Managing Director, Board Member)<\/p>\n<p class=\"paragraph_style_6\">Hosting:<br \/>\n1&amp;1 Internet AG<\/p>\n<p class=\"paragraph_style_6\">Rechtliche Hinweise (only in German language available):<\/p>\n<p class=\"paragraph_style_7\">Alle Angaben unseres Internetangebotes wurden sorgf\u00e4ltig gepr\u00fcft. Wir bem\u00fchen uns, dieses Informationsangebot aktuell und inhaltlich richtig sowie vollst\u00e4ndig anzubieten. Dennoch ist das Auftreten von Fehlern nicht v\u00f6llig auszuschlie\u00dfen. Eine Garantie f\u00fcr die Vollst\u00e4ndigkeit, Richtigkeit und letzte Aktualit\u00e4t kann daher nicht \u00fcbernommen werden.<\/p>\n<p>Der Herausgeber kann diese Website nach eigenem Ermessen jederzeit ohne Ank\u00fcndigung ver\u00e4ndern und \/ oder deren Betrieb einstellen. Er ist nicht verpflichtet, Inhalte dieser Website zu aktualisieren.<\/p>\n<p>Der Zugang und die Benutzung dieser Website geschieht auf eigene Gefahr des Benutzers. Der Verein ist nicht verantwortlich und \u00fcbernimmt keinerlei Haftung f\u00fcr Sch\u00e4den, u.a. f\u00fcr direkte, indirekte, zuf\u00e4llige, vorab konkret zu bestimmende oder Folgesch\u00e4den, die angeblich durch den oder in Verbindung mit dem Zugang und\/oder der Benutzung dieser Website aufgetreten sind.<\/p>\n<p>Der Betreiber \u00fcbernimmt keine Verantwortung f\u00fcr die Inhalte und die Verf\u00fcgbarkeit von Websites Dritter, die \u00fcber externe Links dieses Informationsangebotes erreicht werden. Der Herausgeber distanziert sich ausdr\u00fccklich von allen Inhalten, die m\u00f6glicherweise straf- oder haftungsrechtlich relevant sind oder gegen die guten Sitten versto\u00dfen.<\/p>\n<p>Sofern innerhalb des Internetangebotes die M\u00f6glichkeit zur Eingabe pers\u00f6nlicher oder gesch\u00e4ftlicher Daten (E-Mail Adressen, Namen, Anschriften) besteht, so erfolgt die Preisgabe dieser Daten seitens des Nutzers auf ausdr\u00fccklich freiwilliger Basis.<\/p>\n<p class=\"paragraph_style_7\"><span class=\"style_4\">Minderj\u00e4hrigenschutz<\/span><br \/>\nPersonen unter 18 Jahren sollten ohne Zustimmung der Eltern oder Erziehungsberechtigten keine personenbezogenen Daten an uns \u00fcbermitteln. Wir fordern keine personenbezogenen Daten von Kindern und Jugendlichen an. Wissentlich sammeln wir solche Daten nicht und geben sie auch nicht an Dritte weiter.<\/p>\n<p class=\"paragraph_style_7\"><span class=\"style_4\">Links zu Webseiten anderer Anbieter<\/span><br \/>\nUnser Online-Angebot enth\u00e4lt Links zu Webseiten anderer Anbieter. Wir haben keinen Einfluss darauf, dass diese Anbieter die Datenschutzbestimmungen einhalten.<\/p>\n<p class=\"paragraph_style_7\"><strong>Links<\/strong><\/p>\n<p class=\"paragraph_style_3\"><a class=\"class1\" title=\"http:\/\/www.behr-online.com\/\" href=\"http:\/\/www.behr-online.com\/\">www.behr-online.com<\/a>\u00a0 nab-media<\/p>\n<p class=\"paragraph_style_3\"><a class=\"class2\" title=\"http:\/\/www.brainscript.de\/\" href=\"http:\/\/www.brainscript.de\/\">www.brainscript.de<\/a>\u00a0 brain script GmbH &#8211; consulting | tv production | publishing<\/p>\n<p class=\"paragraph_style_3\"><a class=\"class3\" title=\"http:\/\/www.ctva.de\/\" href=\"http:\/\/www.ctva.de\/\">www.ctva.de<\/a>\u00a0 Corporate TV Association (CTVA) e.V.<\/p>\n<p class=\"paragraph_style_3\"><a class=\"class4\" title=\"http:\/\/www.wort5.de\/\" href=\"http:\/\/www.wort5.de\/\">www.wort5.de<\/a>\u00a0 Autorenb\u00fcro in der Dezentrale<\/p>\n<p class=\"paragraph_style_3\"><a class=\"class5\" title=\"http:\/\/www.bjv.de\/\" href=\"http:\/\/www.bjv.de\/\"><span class=\"style_1\">www.bjv.de<\/span><\/a>\u00a0 Bavarian Journalists Association<\/p>\n<p class=\"paragraph_style_3\"><a class=\"class6\" title=\"http:\/\/www.journalists-network.org\/\" href=\"http:\/\/www.journalists-network.org\/\"><span class=\"style_1\">www.journalists-network.org<\/span><\/a> \u00a0\u00a0 journalists network e.V.<\/p>\n<p class=\"paragraph_style_3\"><a class=\"class7\" title=\"http:\/\/www.hoechstetter.de\/\" href=\"http:\/\/www.hoechstetter.de\/\">www.hoechstetter.de<\/a>\u00a0 Lawfirm H\u00f6chstetter &amp; Kollegen<\/p>\n<p class=\"paragraph_style_3\"><a class=\"class8\" title=\"http:\/\/www.macromedia.de\/\" href=\"http:\/\/www.macromedia.de\/\"><span class=\"style_1\">www.macromedia.de<\/span><\/a> Macromedia MHMK University of Applied Sciences<\/p>\n<p class=\"paragraph_style_3\"><a class=\"class9\" title=\"http:\/\/www.medientraining-institut.de\" href=\"http:\/\/www.medientraining-institut.de\">www.medientraining-institut.de<\/a> DIKT &#8211; Deutsches Institut f\u00fcr Kommunikations- und MedienTraining GmbH<\/p>\n<p class=\"paragraph_style_3\"><a title=\"http:\/\/www.nabehr.de\" href=\"http:\/\/www.nabehr.de\">www.nabehr.de<\/a> The blog by brain script GmbH<span class=\"style_2\"><br \/>\n<\/span><\/p>\n<p class=\"paragraph_style_3\"><a class=\"class10\" title=\"http:\/\/www.njb-online.de\/\" href=\"http:\/\/www.njb-online.de\/\"><span class=\"style_1\">www.njb-online.de<\/span><\/a> Young Journalists of Bavaria Association (NJB) e.V.<\/p>\n<p><a class=\"class11\" title=\"http:\/\/www.ra-huber.de\/\" href=\"http:\/\/www.ra-huber.de\/\">www.ra-huber.de<\/a><span class=\"style_3\">\u00a0 Lawfirm Huber<\/span><\/p>\n<p><a class=\"class12\" title=\"http:\/\/www.romatka.de\/\" href=\"http:\/\/www.romatka.de\/\"><span class=\"style_2\">www.romatka.de<\/span><\/a> Lawfirm Romatka und Collegen<\/p>\n","protected":false},"excerpt":{"rendered":"<p>Addresse \/ Contact: Internationales Komitee: Journalisten helfen e.V. (International Committee: Aid\u00a0from Journalists) c\/o Behr Cuvilli\u00e9sstr. 23 D-81679 Munich E-Mail: info@komitee.org Tel. +49 (89) 8890 4635 Court of registration (according to German law): Amtsgericht M\u00fcnchen Number of registration: VR 14626 Responsible for the content of this web presence: Dr. Nikolai A. Behr (Managing Director, Board Member) [&hellip;]<\/p>\n","protected":false},"author":3,"featured_media":0,"parent":0,"menu_order":0,"comment_status":"open","ping_status":"open","template":"","meta":{"footnotes":""},"class_list":["post-18","page","type-page","status-publish","hentry"],"_links":{"self":[{"href":"http:\/\/www.journalists-committee.com\/index.php?rest_route=\/wp\/v2\/pages\/18","targetHints":{"allow":["GET"]}}],"collection":[{"href":"http:\/\/www.journalists-committee.com\/index.php?rest_route=\/wp\/v2\/pages"}],"about":[{"href":"http:\/\/www.journalists-committee.com\/index.php?rest_route=\/wp\/v2\/types\/page"}],"author":[{"embeddable":true,"href":"http:\/\/www.journalists-committee.com\/index.php?rest_route=\/wp\/v2\/users\/3"}],"replies":[{"embeddable":true,"href":"http:\/\/www.journalists-committee.com\/index.php?rest_route=%2Fwp%2Fv2%2Fcomments&post=18"}],"version-history":[{"count":3,"href":"http:\/\/www.journalists-committee.com\/index.php?rest_route=\/wp\/v2\/pages\/18\/revisions"}],"predecessor-version":[{"id":121,"href":"http:\/\/www.journalists-committee.com\/index.php?rest_route=\/wp\/v2\/pages\/18\/revisions\/121"}],"wp:attachment":[{"href":"http:\/\/www.journalists-committee.com\/index.php?rest_route=%2Fwp%2Fv2%2Fmedia&parent=18"}],"curies":[{"name":"wp","href":"https:\/\/api.w.org\/{rel}","templated":true}]}}