{"id":14,"date":"2014-09-19T13:02:57","date_gmt":"2014-09-19T11:02:57","guid":{"rendered":"http:\/\/www.journalists-committee.com\/?page_id=14"},"modified":"2014-09-19T13:02:57","modified_gmt":"2014-09-19T11:02:57","slug":"statutes","status":"publish","type":"page","link":"http:\/\/www.journalists-committee.com\/?page_id=14","title":{"rendered":"Statutes"},"content":{"rendered":"<p>(only available in German language)<\/p>\n<div class=\"entry-content article\">\n<p>Ausz\u00fcge aus unserer Satzung (zuletzt ge\u00e4ndert am 21. Dezember 2000):<\/p>\n<div id=\"id4\" class=\"style_SkipStroke_2 shape-with-text\">\n<div class=\"text-content graphic_textbox_layout_style_default_External_936_1022\">\n<div class=\"graphic_textbox_layout_style_default\">\n<p class=\"paragraph_style_2\">\u00a7 2\u00a0\u00a0\u00a0\u00a0\u00a0\u00a0 Zweck des Vereins<span class=\"style_1\"><br \/>\n<\/span><\/p>\n<p class=\"paragraph_style_3\">(1) Der Verein ist ein Zusammenschluss von im Medienbereich T\u00e4tigen, die die soziale Not, der sie bei ihrer T\u00e4tigkeit im In- und Ausland begegnen, lindern wollen.<\/p>\n<p class=\"paragraph_style_3\">(2) Der Verein setzt sich f\u00fcr den Schutz und die Hilfe f\u00fcr Menschen, die unverschuldet in Not geraten sind, und f\u00fcr die Unterst\u00fctzung von Verbrechensopfern ein. Der Verein will in der \u00d6ffentlichkeit ein Be\u00adwusstsein f\u00fcr die Not dieser Menschen schaffen und die B\u00fcrger f\u00fcr ideelle und materielle Hilfe gewinnen.<\/p>\n<p class=\"paragraph_style_3\">Ebenso setzt sich der Verein f\u00fcr die Unterst\u00fctzung von Journalisten ein, die durch ihre T\u00e4tigkeit in Not geraten sind. Dies erfolgt durch finanzielle Unterst\u00fctzung sowie durch Sachhilfe.<\/p>\n<p class=\"paragraph_style_3\">(3) Der Verein erf\u00fcllt seinen satzungs\u00adgem\u00e4\u00dfen Zweck durch Sach-, Personal- und finanzielle Hilfe. Er organisiert Transporte mit humanit\u00e4rer Hilfe. Hiermit f\u00f6rdert der Verein durch den pers\u00f6nlichen Kontakt zwischen Helfern und Hilfsempf\u00e4ngern zwischenmenschliche Begegnungen der V\u00f6lker.<\/p>\n<p class=\"paragraph_style_3\">(4) Er veranstaltet au\u00dferdem Tagungen, deren Inhalte dem Vereinszweck entsprechen. Diese Veranstaltungen sollen durch Informationen \u00fcber fremde Kulturen zum Abbau gegenseitiger Vorurteile f\u00fchren und so zur Entwicklung und St\u00e4rkung freundschaftlicher Beziehungen zwischen den V\u00f6lkern beitragen.<\/p>\n<p class=\"paragraph_style_3\">(5) Die Grundlage f\u00fcr die T\u00e4tigkeit des Vereins sind das Recht und die Freiheit, wie sie im Grundgesetz f\u00fcr die Bundesrepublik Deutschland verankert sind. Der Verein orientiert sich au\u00dferdem an der KSZE-Schlussakte von Helsinki, der Europ\u00e4ische Menschenrechtskonvention und der Charta der Vereinten Nationen. Der Verein erf\u00fcllt seine Aufgaben nach freiheitlich-demokratischen Grunds\u00e4tzen, unparteiisch und unabh\u00e4ngig von politischen Parteien, Regierungen, Weltanschauungen, Wirtschafts- und Finanzgruppen.<\/p>\n<p class=\"paragraph_style_2\">\u00a7 3\u00a0\u00a0\u00a0\u00a0\u00a0\u00a0 Gemeinn\u00fctzigkeit des Vereins<span class=\"style_1\"><br \/>\n<\/span><\/p>\n<p class=\"paragraph_style_3\">(1) Der Verein verfolgt ausschlie\u00dflich und unmittelbar gemeinn\u00fctzige und mildt\u00e4tige Aufgaben im Sinne des Abschnitts \u201cSteuerbeg\u00fcnstigte Zwecke\u201d der Abgabenordnung. Der Verein ist selbstlos t\u00e4tig; er verfolgt nicht in erster Linie eigenwirtschaftliche Zwecke.<\/p>\n<p class=\"paragraph_style_3\">Er dient:<\/p>\n<p class=\"paragraph_style_4\">\u00b7<span class=\"style_2\">\u00a0\u00a0\u00a0\u00a0\u00a0 <\/span>der F\u00f6rderung der F\u00fcrsorge f\u00fcr politisch, rassisch oder religi\u00f6s Verfolgte, insbesondere der Organisation von humanit\u00e4rer Hilfe, der Unterst\u00fctzung hilfsbed\u00fcrftiger Personen, der Linderung von sozialer Not, der Hilfestellung f\u00fcr Verbrechensopfer, sowie die Unterst\u00fctzung von Medienschaffenden, die durch ihre T\u00e4tigkeit in Not geraten sind.<\/p>\n<p class=\"paragraph_style_4\">\u00b7<span class=\"style_2\">\u00a0\u00a0\u00a0\u00a0\u00a0 <\/span>der F\u00f6rderung internationaler Gesinnung, der Toleranz auf allen Gebieten der Kultur und des V\u00f6lkerverst\u00e4ndi\u00adgungsgedankens.<\/p>\n<p class=\"paragraph_style_3\">(2) Mittel des Vereins d\u00fcrfen nur f\u00fcr die satzungsm\u00e4\u00dfigen Zwecke verwendet werden. Die Mitglieder erhalten keine Zuwendungen aus Mitteln des Vereins.<\/p>\n<p class=\"paragraph_style_3\">(3) Es darf keine Person durch Ausgaben, die dem Zweck der K\u00f6rperschaft fremd sind, oder durch unverh\u00e4ltnism\u00e4\u00dfig hohe Verg\u00fctungen beg\u00fcnstigt werden.<\/p>\n<p class=\"paragraph_style_5\">(4) Beschl\u00fcsse \u00fcber Satzungs\u00e4nderungen und \u00fcber die Aufl\u00f6sung des Vereins \u201cInternationales Komitee: Journalisten helfen e.V.\u201d sind dem zust\u00e4ndigen Finanzamt anzuzeigen. Satzungs\u00e4nderungen, welche die unter Absatz (1) genannten Zwecke betreffen, bed\u00fcrfen der Einwilligung des Finanzamts.<\/p>\n<p class=\"paragraph_style_7\">\u00a9 2012 by Internationales Komitee:Journalisten helfen e.V.<span class=\"style_3\"><br \/>\n<\/span><\/p>\n<p class=\"paragraph_style_7\">Der Nachdruck (auch Auszugsweise) bedarf der schriftlichen Genehmigung des Vorstands.<span class=\"style_3\"><br \/>\n<\/span><\/p>\n<p class=\"paragraph_style_6\">Sollten Sie an der vollst\u00e4ndigen Satzung interessiert sein,<br \/>\nwenden Sie sich bitte an die <a class=\"class1\" title=\"Informationen\" href=\"http:\/\/www.komitee.org\/?page_id=26\"><span class=\"style_4\">Gesch\u00e4ftsstelle<\/span><\/a>.<\/p>\n<p class=\"paragraph_style_11\">Internationales Komitee:<br \/>\nJournalisten helfen e.V.<br \/>\nc\/o Dr. Nikolai A. Behr<br \/>\nCuvilli\u00e9sstr. 23<br \/>\nD-81679 M\u00fcnchen<\/p>\n<p class=\"paragraph_style_12\"><span class=\"style_6\">E-Mail: <\/span><a class=\"class2\" title=\"mailto:info@komitee.org\" href=\"mailto:info@komitee.org\">info@komitee.org<\/a><span class=\"style_6\"> \u00a0<\/span><\/p>\n<\/div>\n<\/div>\n<\/div>\n<div class=\"clearfix\"><\/div>\n<\/div>\n","protected":false},"excerpt":{"rendered":"<p>(only available in German language) Ausz\u00fcge aus unserer Satzung (zuletzt ge\u00e4ndert am 21. Dezember 2000): \u00a7 2\u00a0\u00a0\u00a0\u00a0\u00a0\u00a0 Zweck des Vereins (1) Der Verein ist ein Zusammenschluss von im Medienbereich T\u00e4tigen, die die soziale Not, der sie bei ihrer T\u00e4tigkeit im In- und Ausland begegnen, lindern wollen. (2) Der Verein setzt sich f\u00fcr den Schutz und [&hellip;]<\/p>\n","protected":false},"author":3,"featured_media":0,"parent":0,"menu_order":0,"comment_status":"open","ping_status":"open","template":"","meta":{"footnotes":""},"class_list":["post-14","page","type-page","status-publish","hentry"],"_links":{"self":[{"href":"http:\/\/www.journalists-committee.com\/index.php?rest_route=\/wp\/v2\/pages\/14","targetHints":{"allow":["GET"]}}],"collection":[{"href":"http:\/\/www.journalists-committee.com\/index.php?rest_route=\/wp\/v2\/pages"}],"about":[{"href":"http:\/\/www.journalists-committee.com\/index.php?rest_route=\/wp\/v2\/types\/page"}],"author":[{"embeddable":true,"href":"http:\/\/www.journalists-committee.com\/index.php?rest_route=\/wp\/v2\/users\/3"}],"replies":[{"embeddable":true,"href":"http:\/\/www.journalists-committee.com\/index.php?rest_route=%2Fwp%2Fv2%2Fcomments&post=14"}],"version-history":[{"count":1,"href":"http:\/\/www.journalists-committee.com\/index.php?rest_route=\/wp\/v2\/pages\/14\/revisions"}],"predecessor-version":[{"id":15,"href":"http:\/\/www.journalists-committee.com\/index.php?rest_route=\/wp\/v2\/pages\/14\/revisions\/15"}],"wp:attachment":[{"href":"http:\/\/www.journalists-committee.com\/index.php?rest_route=%2Fwp%2Fv2%2Fmedia&parent=14"}],"curies":[{"name":"wp","href":"https:\/\/api.w.org\/{rel}","templated":true}]}}